{"id":8,"date":"2025-03-28T19:33:55","date_gmt":"2025-03-28T18:33:55","guid":{"rendered":"https:\/\/www.giteduboisdelhiver.fr\/index.php\/front_page\/"},"modified":"2025-11-02T21:59:58","modified_gmt":"2025-11-02T20:59:58","slug":"grange-de-caractere-au-pied-du-puy-de-dome","status":"publish","type":"page","link":"https:\/\/www.giteduboisdelhiver.fr\/","title":{"rendered":"G\u00eete du bois de l&rsquo;hiver"},"content":{"rendered":"\n\n\n\n\n\n\n\n\n\n\n\n\n\n\n\n\n\n\n\n","protected":false},"excerpt":{"rendered":"","protected":false},"author":1,"featured_media":0,"parent":0,"menu_order":0,"comment_status":"closed","ping_status":"closed","template":"","meta":{"saved_in_kubio":true,"footnotes":""},"class_list":["post-8","page","type-page","status-publish","hentry"],"kubio_ai_page_context":{"short_desc":"","purpose":"general"},"yoast_head":"<!-- This site is optimized with the Yoast SEO plugin v27.3 - https:\/\/yoast.com\/product\/yoast-seo-wordpress\/ -->\n<title>G\u00eete du bois de l&#039;hiver \u00e0 Ceyssat<\/title>\n<meta name=\"description\" content=\"G\u00eete du bois de l&#039;hiver \u00e0 Ceyssat, au pied du Puy-de-D\u00f4me pouvant aller jusqu&#039;\u00e0 10 personnes \u00e0 proximit\u00e9 de Clermont-Ferrand et Vulcania dans le parc des volcans d&#039;auvergne.\" \/>\n<meta name=\"robots\" content=\"index, follow, max-snippet:-1, max-image-preview:large, max-video-preview:-1\" \/>\n<link rel=\"canonical\" href=\"https:\/\/www.giteduboisdelhiver.fr\/\" \/>\n<meta property=\"og:locale\" content=\"fr_FR\" \/>\n<meta property=\"og:type\" content=\"article\" \/>\n<meta property=\"og:title\" content=\"G\u00eete du bois de l&#039;hiver \u00e0 Ceyssat\" \/>\n<meta property=\"og:description\" content=\"G\u00eete du bois de l&#039;hiver \u00e0 Ceyssat, au pied du Puy-de-D\u00f4me pouvant aller jusqu&#039;\u00e0 10 personnes \u00e0 proximit\u00e9 de Clermont-Ferrand et Vulcania dans le parc des volcans d&#039;auvergne.\" \/>\n<meta property=\"og:url\" content=\"https:\/\/www.giteduboisdelhiver.fr\/\" \/>\n<meta property=\"og:site_name\" content=\"G\u00eete du bois de l&#039;hiver\" \/>\n<meta property=\"article:modified_time\" content=\"2025-11-02T20:59:58+00:00\" \/>\n<meta name=\"twitter:card\" content=\"summary_large_image\" \/>\n<script type=\"application\/ld+json\" class=\"yoast-schema-graph\">{\"@context\":\"https:\\\/\\\/schema.org\",\"@graph\":[{\"@type\":\"WebPage\",\"@id\":\"https:\\\/\\\/www.giteduboisdelhiver.fr\\\/\",\"url\":\"https:\\\/\\\/www.giteduboisdelhiver.fr\\\/\",\"name\":\"G\u00eete du bois de l&#039;hiver \u00e0 Ceyssat\",\"isPartOf\":{\"@id\":\"https:\\\/\\\/www.giteduboisdelhiver.fr\\\/#website\"},\"datePublished\":\"2025-03-28T18:33:55+00:00\",\"dateModified\":\"2025-11-02T20:59:58+00:00\",\"description\":\"G\u00eete du bois de l'hiver \u00e0 Ceyssat, au pied du Puy-de-D\u00f4me pouvant aller jusqu'\u00e0 10 personnes \u00e0 proximit\u00e9 de Clermont-Ferrand et Vulcania dans le parc des volcans d'auvergne.\",\"breadcrumb\":{\"@id\":\"https:\\\/\\\/www.giteduboisdelhiver.fr\\\/#breadcrumb\"},\"inLanguage\":\"fr-FR\",\"potentialAction\":[{\"@type\":\"ReadAction\",\"target\":[\"https:\\\/\\\/www.giteduboisdelhiver.fr\\\/\"]}]},{\"@type\":\"BreadcrumbList\",\"@id\":\"https:\\\/\\\/www.giteduboisdelhiver.fr\\\/#breadcrumb\",\"itemListElement\":[{\"@type\":\"ListItem\",\"position\":1,\"name\":\"Accueil\",\"item\":\"https:\\\/\\\/www.giteduboisdelhiver.fr\\\/\"},{\"@type\":\"ListItem\",\"position\":2,\"name\":\"G\u00eete du bois de l&rsquo;hiver\"}]},{\"@type\":\"WebSite\",\"@id\":\"https:\\\/\\\/www.giteduboisdelhiver.fr\\\/#website\",\"url\":\"https:\\\/\\\/www.giteduboisdelhiver.fr\\\/\",\"name\":\"G\u00eete du bois de l'hiver\",\"description\":\"Grange de caract\u00e8re au pied du puy-de-d\u00f4me\",\"publisher\":{\"@id\":\"https:\\\/\\\/www.giteduboisdelhiver.fr\\\/#organization\"},\"alternateName\":\"Gite \u00e0 ceyssat\",\"potentialAction\":[{\"@type\":\"SearchAction\",\"target\":{\"@type\":\"EntryPoint\",\"urlTemplate\":\"https:\\\/\\\/www.giteduboisdelhiver.fr\\\/?s={search_term_string}\"},\"query-input\":{\"@type\":\"PropertyValueSpecification\",\"valueRequired\":true,\"valueName\":\"search_term_string\"}}],\"inLanguage\":\"fr-FR\"},{\"@type\":\"Organization\",\"@id\":\"https:\\\/\\\/www.giteduboisdelhiver.fr\\\/#organization\",\"name\":\"G\u00eete du bois de l'hiver\",\"url\":\"https:\\\/\\\/www.giteduboisdelhiver.fr\\\/\",\"logo\":{\"@type\":\"ImageObject\",\"inLanguage\":\"fr-FR\",\"@id\":\"https:\\\/\\\/www.giteduboisdelhiver.fr\\\/#\\\/schema\\\/logo\\\/image\\\/\",\"url\":\"https:\\\/\\\/www.giteduboisdelhiver.fr\\\/wp-content\\\/uploads\\\/2025\\\/10\\\/Logo-GDBDL-Default_Carre.jpg\",\"contentUrl\":\"https:\\\/\\\/www.giteduboisdelhiver.fr\\\/wp-content\\\/uploads\\\/2025\\\/10\\\/Logo-GDBDL-Default_Carre.jpg\",\"width\":583,\"height\":583,\"caption\":\"G\u00eete du bois de l'hiver\"},\"image\":{\"@id\":\"https:\\\/\\\/www.giteduboisdelhiver.fr\\\/#\\\/schema\\\/logo\\\/image\\\/\"}}]}<\/script>\n<!-- \/ Yoast SEO plugin. -->","yoast_head_json":{"title":"G\u00eete du bois de l&#039;hiver \u00e0 Ceyssat","description":"G\u00eete du bois de l'hiver \u00e0 Ceyssat, au pied du Puy-de-D\u00f4me pouvant aller jusqu'\u00e0 10 personnes \u00e0 proximit\u00e9 de Clermont-Ferrand et Vulcania dans le parc des volcans d'auvergne.","robots":{"index":"index","follow":"follow","max-snippet":"max-snippet:-1","max-image-preview":"max-image-preview:large","max-video-preview":"max-video-preview:-1"},"canonical":"https:\/\/www.giteduboisdelhiver.fr\/","og_locale":"fr_FR","og_type":"article","og_title":"G\u00eete du bois de l&#039;hiver \u00e0 Ceyssat","og_description":"G\u00eete du bois de l'hiver \u00e0 Ceyssat, au pied du Puy-de-D\u00f4me pouvant aller jusqu'\u00e0 10 personnes \u00e0 proximit\u00e9 de Clermont-Ferrand et Vulcania dans le parc des volcans d'auvergne.","og_url":"https:\/\/www.giteduboisdelhiver.fr\/","og_site_name":"G\u00eete du bois de l&#039;hiver","article_modified_time":"2025-11-02T20:59:58+00:00","twitter_card":"summary_large_image","schema":{"@context":"https:\/\/schema.org","@graph":[{"@type":"WebPage","@id":"https:\/\/www.giteduboisdelhiver.fr\/","url":"https:\/\/www.giteduboisdelhiver.fr\/","name":"G\u00eete du bois de l&#039;hiver \u00e0 Ceyssat","isPartOf":{"@id":"https:\/\/www.giteduboisdelhiver.fr\/#website"},"datePublished":"2025-03-28T18:33:55+00:00","dateModified":"2025-11-02T20:59:58+00:00","description":"G\u00eete du bois de l'hiver \u00e0 Ceyssat, au pied du Puy-de-D\u00f4me pouvant aller jusqu'\u00e0 10 personnes \u00e0 proximit\u00e9 de Clermont-Ferrand et Vulcania dans le parc des volcans d'auvergne.","breadcrumb":{"@id":"https:\/\/www.giteduboisdelhiver.fr\/#breadcrumb"},"inLanguage":"fr-FR","potentialAction":[{"@type":"ReadAction","target":["https:\/\/www.giteduboisdelhiver.fr\/"]}]},{"@type":"BreadcrumbList","@id":"https:\/\/www.giteduboisdelhiver.fr\/#breadcrumb","itemListElement":[{"@type":"ListItem","position":1,"name":"Accueil","item":"https:\/\/www.giteduboisdelhiver.fr\/"},{"@type":"ListItem","position":2,"name":"G\u00eete du bois de l&rsquo;hiver"}]},{"@type":"WebSite","@id":"https:\/\/www.giteduboisdelhiver.fr\/#website","url":"https:\/\/www.giteduboisdelhiver.fr\/","name":"G\u00eete du bois de l'hiver","description":"Grange de caract\u00e8re au pied du puy-de-d\u00f4me","publisher":{"@id":"https:\/\/www.giteduboisdelhiver.fr\/#organization"},"alternateName":"Gite \u00e0 ceyssat","potentialAction":[{"@type":"SearchAction","target":{"@type":"EntryPoint","urlTemplate":"https:\/\/www.giteduboisdelhiver.fr\/?s={search_term_string}"},"query-input":{"@type":"PropertyValueSpecification","valueRequired":true,"valueName":"search_term_string"}}],"inLanguage":"fr-FR"},{"@type":"Organization","@id":"https:\/\/www.giteduboisdelhiver.fr\/#organization","name":"G\u00eete du bois de l'hiver","url":"https:\/\/www.giteduboisdelhiver.fr\/","logo":{"@type":"ImageObject","inLanguage":"fr-FR","@id":"https:\/\/www.giteduboisdelhiver.fr\/#\/schema\/logo\/image\/","url":"https:\/\/www.giteduboisdelhiver.fr\/wp-content\/uploads\/2025\/10\/Logo-GDBDL-Default_Carre.jpg","contentUrl":"https:\/\/www.giteduboisdelhiver.fr\/wp-content\/uploads\/2025\/10\/Logo-GDBDL-Default_Carre.jpg","width":583,"height":583,"caption":"G\u00eete du bois de l'hiver"},"image":{"@id":"https:\/\/www.giteduboisdelhiver.fr\/#\/schema\/logo\/image\/"}}]}},"_links":{"self":[{"href":"https:\/\/www.giteduboisdelhiver.fr\/index.php\/wp-json\/wp\/v2\/pages\/8","targetHints":{"allow":["GET"]}}],"collection":[{"href":"https:\/\/www.giteduboisdelhiver.fr\/index.php\/wp-json\/wp\/v2\/pages"}],"about":[{"href":"https:\/\/www.giteduboisdelhiver.fr\/index.php\/wp-json\/wp\/v2\/types\/page"}],"author":[{"embeddable":true,"href":"https:\/\/www.giteduboisdelhiver.fr\/index.php\/wp-json\/wp\/v2\/users\/1"}],"replies":[{"embeddable":true,"href":"https:\/\/www.giteduboisdelhiver.fr\/index.php\/wp-json\/wp\/v2\/comments?post=8"}],"version-history":[{"count":44,"href":"https:\/\/www.giteduboisdelhiver.fr\/index.php\/wp-json\/wp\/v2\/pages\/8\/revisions"}],"predecessor-version":[{"id":263,"href":"https:\/\/www.giteduboisdelhiver.fr\/index.php\/wp-json\/wp\/v2\/pages\/8\/revisions\/263"}],"wp:attachment":[{"href":"https:\/\/www.giteduboisdelhiver.fr\/index.php\/wp-json\/wp\/v2\/media?parent=8"}],"curies":[{"name":"wp","href":"https:\/\/api.w.org\/{rel}","templated":true}]}}